{"id":8171,"date":"2024-12-19T08:16:17","date_gmt":"2024-12-19T07:16:17","guid":{"rendered":"https:\/\/accordoastafacile.it\/?page_id=8171"},"modified":"2025-01-04T19:46:21","modified_gmt":"2025-01-04T18:46:21","slug":"mutui-e-finanziamenti","status":"publish","type":"page","link":"https:\/\/accordoastafacile.it\/?page_id=8171","title":{"rendered":"MUTUI E FINANZIAMENTI"},"content":{"rendered":"\t\t<div data-elementor-type=\"wp-page\" data-elementor-id=\"8171\" class=\"elementor elementor-8171\" data-elementor-post-type=\"page\">\n\t\t\t\t<div class=\"elementor-element elementor-element-9161aab e-con-full e-flex e-con e-parent\" data-id=\"9161aab\" data-element_type=\"container\">\n\t\t\t\t<div class=\"elementor-element elementor-element-5f38b91 elementor-widget elementor-widget-heading\" data-id=\"5f38b91\" data-element_type=\"widget\" data-widget_type=\"heading.default\">\n\t\t\t\t<div class=\"elementor-widget-container\">\n\t\t\t<h2 class=\"elementor-heading-title elementor-size-default\">Comprare casa non \u00e8 mai stato cos\u00ec facile! \n<\/h2>\t\t<\/div>\n\t\t\t\t<\/div>\n\t\t\t\t<\/div>\n\t\t<div class=\"elementor-element elementor-element-2767688 e-flex e-con-boxed e-con e-parent\" data-id=\"2767688\" data-element_type=\"container\">\n\t\t\t\t\t<div class=\"e-con-inner\">\n\t\t<div class=\"elementor-element elementor-element-bf4f8bd e-con-full e-flex e-con e-child\" data-id=\"bf4f8bd\" data-element_type=\"container\">\n\t\t\t\t<div class=\"elementor-element elementor-element-e2dff4f elementor-widget elementor-widget-text-editor\" data-id=\"e2dff4f\" data-element_type=\"widget\" data-widget_type=\"text-editor.default\">\n\t\t\t\t<div class=\"elementor-widget-container\">\n\t\t\t\t\t\t\t<p style=\"text-align: center;\">Tasso fisso, misto o variabile?<\/p><p style=\"text-align: center;\">\u00a0I nostri partner specializzati nella mediazione del<br \/>credito ti guideranno nella scelta pi\u00f9 adatta alle tue necessit\u00e0 rispondendo<br \/>a ogni tua domanda.<br \/>Le condizioni di mutuo pi\u00f9 vantaggiose sono quelle che si\u00a0<br \/>modellano sui tuoi obiettivi! Per questo \u00e8 importante parlarne insieme.<\/p><p style=\"text-align: center;\">La tua nuova casa merita di essere l\u2019inizio di un nuovo capitolo di stabilit\u00e0 e sicurezza e noi ti aiutiamo a concretizzarlo con competenza\u00a0 e leggerezza, facendoti sognare ad occhi aperti!<\/p>\t\t\t\t\t\t<\/div>\n\t\t\t\t<\/div>\n\t\t\t\t<\/div>\n\t\t<div class=\"elementor-element elementor-element-332d6b5 e-con-full e-flex e-con e-child\" data-id=\"332d6b5\" data-element_type=\"container\">\n\t\t\t\t<div class=\"elementor-element elementor-element-13473e8 elementor-widget elementor-widget-image\" data-id=\"13473e8\" data-element_type=\"widget\" data-widget_type=\"image.default\">\n\t\t\t\t<div class=\"elementor-widget-container\">\n\t\t\t\t\t\t\t\t\t\t\t\t\t<img fetchpriority=\"high\" decoding=\"async\" width=\"800\" height=\"800\" src=\"https:\/\/accordoastafacile.it\/wp-content\/uploads\/2024\/12\/MUTUO-1024x1024.png\" class=\"attachment-large size-large wp-image-8464\" alt=\"\" srcset=\"https:\/\/accordoastafacile.it\/wp-content\/uploads\/2024\/12\/MUTUO-1024x1024.png 1024w, https:\/\/accordoastafacile.it\/wp-content\/uploads\/2024\/12\/MUTUO-300x300.png 300w, https:\/\/accordoastafacile.it\/wp-content\/uploads\/2024\/12\/MUTUO-150x150.png 150w, https:\/\/accordoastafacile.it\/wp-content\/uploads\/2024\/12\/MUTUO-768x768.png 768w, https:\/\/accordoastafacile.it\/wp-content\/uploads\/2024\/12\/MUTUO.png 1120w\" sizes=\"(max-width: 800px) 100vw, 800px\" \/>\t\t\t\t\t\t\t\t\t\t\t\t\t<\/div>\n\t\t\t\t<\/div>\n\t\t\t\t<\/div>\n\t\t\t\t\t<\/div>\n\t\t\t\t<\/div>\n\t\t<div class=\"elementor-element elementor-element-b7a3ad7 e-con-full e-flex e-con e-parent\" data-id=\"b7a3ad7\" data-element_type=\"container\">\n\t\t\t\t<div class=\"elementor-element elementor-element-ab19405 elementor-align-center elementor-widget elementor-widget-button\" data-id=\"ab19405\" data-element_type=\"widget\" data-widget_type=\"button.default\">\n\t\t\t\t<div class=\"elementor-widget-container\">\n\t\t\t\t\t\t\t<div class=\"elementor-button-wrapper\">\n\t\t\t\t\t<a class=\"elementor-button elementor-button-link elementor-size-sm\" href=\"https:\/\/wa.me\/message\/ZIGCECYSXHQTC1\">\n\t\t\t\t\t\t<span class=\"elementor-button-content-wrapper\">\n\t\t\t\t\t\t<span class=\"elementor-button-icon\">\n\t\t\t\t<svg aria-hidden=\"true\" class=\"e-font-icon-svg e-fab-whatsapp\" viewBox=\"0 0 448 512\" xmlns=\"http:\/\/www.w3.org\/2000\/svg\"><path d=\"M380.9 97.1C339 55.1 283.2 32 223.9 32c-122.4 0-222 99.6-222 222 0 39.1 10.2 77.3 29.6 111L0 480l117.7-30.9c32.4 17.7 68.9 27 106.1 27h.1c122.3 0 224.1-99.6 224.1-222 0-59.3-25.2-115-67.1-157zm-157 341.6c-33.2 0-65.7-8.9-94-25.7l-6.7-4-69.8 18.3L72 359.2l-4.4-7c-18.5-29.4-28.2-63.3-28.2-98.2 0-101.7 82.8-184.5 184.6-184.5 49.3 0 95.6 19.2 130.4 54.1 34.8 34.9 56.2 81.2 56.1 130.5 0 101.8-84.9 184.6-186.6 184.6zm101.2-138.2c-5.5-2.8-32.8-16.2-37.9-18-5.1-1.9-8.8-2.8-12.5 2.8-3.7 5.6-14.3 18-17.6 21.8-3.2 3.7-6.5 4.2-12 1.4-32.6-16.3-54-29.1-75.5-66-5.7-9.8 5.7-9.1 16.3-30.3 1.8-3.7.9-6.9-.5-9.7-1.4-2.8-12.5-30.1-17.1-41.2-4.5-10.8-9.1-9.3-12.5-9.5-3.2-.2-6.9-.2-10.6-.2-3.7 0-9.7 1.4-14.8 6.9-5.1 5.6-19.4 19-19.4 46.3 0 27.3 19.9 53.7 22.6 57.4 2.8 3.7 39.1 59.7 94.8 83.8 35.2 15.2 49 16.5 66.6 13.9 10.7-1.6 32.8-13.4 37.4-26.4 4.6-13 4.6-24.1 3.2-26.4-1.3-2.5-5-3.9-10.5-6.6z\"><\/path><\/svg>\t\t\t<\/span>\n\t\t\t\t\t\t\t\t\t<span class=\"elementor-button-text\">Richiedi un appuntamento<\/span>\n\t\t\t\t\t<\/span>\n\t\t\t\t\t<\/a>\n\t\t\t\t<\/div>\n\t\t\t\t\t\t<\/div>\n\t\t\t\t<\/div>\n\t\t\t\t<div class=\"elementor-element elementor-element-ec71c68 elementor-widget elementor-widget-text-editor\" data-id=\"ec71c68\" data-element_type=\"widget\" data-widget_type=\"text-editor.default\">\n\t\t\t\t<div class=\"elementor-widget-container\">\n\t\t\t\t\t\t\t<p style=\"text-align: center;\">Chiama ACCORDO ASTA FACILE: ti metteremo in<br \/>contatto con un nostro partner specializzato nella mediazione del credito, per<br \/>trovare la soluzione pi\u00f9 adatta alle tue esigenze.<\/p>\t\t\t\t\t\t<\/div>\n\t\t\t\t<\/div>\n\t\t\t\t<div class=\"elementor-element elementor-element-67066d9 elementor-widget elementor-widget-heading\" data-id=\"67066d9\" data-element_type=\"widget\" data-widget_type=\"heading.default\">\n\t\t\t\t<div class=\"elementor-widget-container\">\n\t\t\t<h2 class=\"elementor-heading-title elementor-size-default\">MUTUO RISTRUTTURAZIONE<\/h2>\t\t<\/div>\n\t\t\t\t<\/div>\n\t\t\t\t<\/div>\n\t\t<div class=\"elementor-element elementor-element-4486f93 e-flex e-con-boxed e-con e-parent\" data-id=\"4486f93\" data-element_type=\"container\">\n\t\t\t\t\t<div class=\"e-con-inner\">\n\t\t<div class=\"elementor-element elementor-element-7e27b20 e-con-full e-flex e-con e-child\" data-id=\"7e27b20\" data-element_type=\"container\">\n\t\t\t\t<div class=\"elementor-element elementor-element-e684761 elementor-widget elementor-widget-image\" data-id=\"e684761\" data-element_type=\"widget\" data-widget_type=\"image.default\">\n\t\t\t\t<div class=\"elementor-widget-container\">\n\t\t\t\t\t\t\t\t\t\t\t\t\t<img decoding=\"async\" width=\"800\" height=\"800\" src=\"https:\/\/accordoastafacile.it\/wp-content\/uploads\/2024\/12\/Photo6-1024x1024.png\" class=\"attachment-large size-large wp-image-8466\" alt=\"\" srcset=\"https:\/\/accordoastafacile.it\/wp-content\/uploads\/2024\/12\/Photo6-1024x1024.png 1024w, https:\/\/accordoastafacile.it\/wp-content\/uploads\/2024\/12\/Photo6-300x300.png 300w, https:\/\/accordoastafacile.it\/wp-content\/uploads\/2024\/12\/Photo6-150x150.png 150w, https:\/\/accordoastafacile.it\/wp-content\/uploads\/2024\/12\/Photo6-768x768.png 768w, https:\/\/accordoastafacile.it\/wp-content\/uploads\/2024\/12\/Photo6.png 1120w\" sizes=\"(max-width: 800px) 100vw, 800px\" \/>\t\t\t\t\t\t\t\t\t\t\t\t\t<\/div>\n\t\t\t\t<\/div>\n\t\t\t\t<\/div>\n\t\t<div class=\"elementor-element elementor-element-57bf50d e-con-full e-flex e-con e-child\" data-id=\"57bf50d\" data-element_type=\"container\">\n\t\t\t\t<div class=\"elementor-element elementor-element-6208156 elementor-widget elementor-widget-text-editor\" data-id=\"6208156\" data-element_type=\"widget\" data-widget_type=\"text-editor.default\">\n\t\t\t\t<div class=\"elementor-widget-container\">\n\t\t\t\t\t\t\t<p><span style=\"font-weight: 400;\">La tua nuova casa ha bisogno di un po&#8217; di restyling? Ti aiutiamo a dargli un nuovo look.<\/span><\/p><p>Con il <strong>MUTUO RISTRUTTURAZIONE<\/strong> potrai:<\/p><ul><li>Rinnovare il tuo immobile come hai sempre sognato<\/li><li>Migliorare l&#8217;efficienza energetica della tua casa<\/li><li>Aumentare il valore del tuo immobile<\/li><\/ul><p>\ud83d\udd11 <strong>Perch\u00e9 scegliere noi?<\/strong><\/p><ul><li>Consulenza gratuita e senza impegno<\/li><li>Tassi competitivi e condizioni flessibili<\/li><li>Assistenza continua in ogni fase, dalla richiesta all&#8217;erogazione al mutuo<\/li><\/ul><p>I nostri partner specializzati in mediazione del credito, saranno felici di offrirti una consulenza personalizzata.<\/p><p>\ud83d\udc49 <strong>Contattaci oggi stesso<\/strong> per dare un nuovo look alla tua casa con serenit\u00e0 e sicurezza.<\/p>\t\t\t\t\t\t<\/div>\n\t\t\t\t<\/div>\n\t\t\t\t<\/div>\n\t\t\t\t\t<\/div>\n\t\t\t\t<\/div>\n\t\t<div class=\"elementor-element elementor-element-dd6c786 e-flex e-con-boxed e-con e-parent\" data-id=\"dd6c786\" data-element_type=\"container\">\n\t\t\t\t\t<div class=\"e-con-inner\">\n\t\t\t\t<div class=\"elementor-element elementor-element-f8ab0d0 elementor-widget elementor-widget-heading\" data-id=\"f8ab0d0\" data-element_type=\"widget\" data-widget_type=\"heading.default\">\n\t\t\t\t<div class=\"elementor-widget-container\">\n\t\t\t<h2 class=\"elementor-heading-title elementor-size-default\">ACQUISTO PRIMA CASA<\/h2>\t\t<\/div>\n\t\t\t\t<\/div>\n\t\t\t\t<div class=\"elementor-element elementor-element-b720803 elementor-widget elementor-widget-text-editor\" data-id=\"b720803\" data-element_type=\"widget\" data-widget_type=\"text-editor.default\">\n\t\t\t\t<div class=\"elementor-widget-container\">\n\t\t\t\t\t\t\t<p>La confusione pu\u00f2 essere tanta , ma insieme costruiremo il tuo mutuo per renderlo un&#8217;esperienza indimenticabile.<\/p><p>Condizioni di mutuo vantaggiose su misura per te e a portata di mano scegliendo tra un\u2019ampia gamma di prodotti finanziari e condizioni\u00a0<\/p>\t\t\t\t\t\t<\/div>\n\t\t\t\t<\/div>\n\t\t\t\t<div class=\"elementor-element elementor-element-2b0d047 elementor-widget elementor-widget-text-editor\" data-id=\"2b0d047\" data-element_type=\"widget\" data-widget_type=\"text-editor.default\">\n\t\t\t\t<div class=\"elementor-widget-container\">\n\t\t\t\t\t\t\t<p style=\"text-align: center;\"><span style=\"font-weight: 400;\">Come\u00a0 funziona il mutuo sulla prima casa?<\/span><\/p><p style=\"text-align: center;\"><span style=\"font-weight: 400;\">Il mutuo sulla prima casa \u00e8 un <\/span><b>finanziamento a medio-lungo termine<\/b><span style=\"font-weight: 400;\"> che viene stipulato con la banca erogante\u00a0 <\/span><b>per acquistare un immobile\u00a0 <\/b><span style=\"font-weight: 400;\">\u00a0in cambio di un rimborso a rate composte da capitale e\u00a0 interessi.\u00a0 A garanzia del pagamento viene iscritta un&#8217;ipoteca dalla banca , che in caso di mancato pagamento potr\u00e0 rivendere il bene.\u00a0<\/span><\/p><p style=\"text-align: center;\"><span style=\"font-weight: 400;\">Per scegliere la banca che potr\u00e0 finanziarti alle condizioni pi\u00f9 vantaggiose sar\u00e0 necessario valutare la tua situazione reddituale e personale. Risparmia tempo fissando un appuntamento con consulente a te dedicato che in base alle tue necessit\u00e0 ti far\u00e0 ottenere con facilit\u00e0 in tempi celeri\u00a0 le\u00a0 migliori condizioni di rata e mutuo.<\/span><\/p><p style=\"text-align: center;\"><span style=\"font-weight: 400;\">La prima casa \u00e8 riconosciuta come un valore di primaria necessit\u00e0 per la famiglia e per questo beneficia di una serie di <\/span><b>agevolazioni fiscali .<\/b><\/p><p style=\"text-align: center;\"><b>Potrai usufruire di<\/b><span style=\"font-weight: 400;\"> imposte ridotte sulla <\/span><b>compravendita<\/b><span style=\"font-weight: 400;\"> e detrazioni IRPEF se stipuli un <\/span><b>mutuo e molto altro che ti sar\u00e0 illustrato in fase di colloquio.<\/b><\/p>\t\t\t\t\t\t<\/div>\n\t\t\t\t<\/div>\n\t\t\t\t<div class=\"elementor-element elementor-element-5cee032 elementor-widget-divider--view-line elementor-widget elementor-widget-divider\" data-id=\"5cee032\" data-element_type=\"widget\" data-widget_type=\"divider.default\">\n\t\t\t\t<div class=\"elementor-widget-container\">\n\t\t\t\t\t<div class=\"elementor-divider\">\n\t\t\t<span class=\"elementor-divider-separator\">\n\t\t\t\t\t\t<\/span>\n\t\t<\/div>\n\t\t\t\t<\/div>\n\t\t\t\t<\/div>\n\t\t\t\t<div class=\"elementor-element elementor-element-c6de64f elementor-widget elementor-widget-heading\" data-id=\"c6de64f\" data-element_type=\"widget\" data-widget_type=\"heading.default\">\n\t\t\t\t<div class=\"elementor-widget-container\">\n\t\t\t<h2 class=\"elementor-heading-title elementor-size-default\">MUTUO SURROGA\n<\/h2>\t\t<\/div>\n\t\t\t\t<\/div>\n\t\t\t\t<div class=\"elementor-element elementor-element-17ab311 elementor-widget elementor-widget-text-editor\" data-id=\"17ab311\" data-element_type=\"widget\" data-widget_type=\"text-editor.default\">\n\t\t\t\t<div class=\"elementor-widget-container\">\n\t\t\t\t\t\t\t<p style=\"text-align: center;\">Le condizioni economiche personali cambiano nel tempo, anche in funzione degli impegni finanziari presi e a volte le condizioni del mutuo iniziano a stare \u201cun po strette\u201d. Parliamone! Sulla base delle tue esigenze e della tua situazione possiamo concordare nuove condizioni di mutuo pi\u00f9 funzionali e scegliere un tasso pi\u00f9 conveniente.<\/p>\t\t\t\t\t\t<\/div>\n\t\t\t\t<\/div>\n\t\t\t\t<div class=\"elementor-element elementor-element-9949a92 elementor-widget elementor-widget-text-editor\" data-id=\"9949a92\" data-element_type=\"widget\" data-widget_type=\"text-editor.default\">\n\t\t\t\t<div class=\"elementor-widget-container\">\n\t\t\t\t\t\t\t<p style=\"text-align: center;\"><span style=\"font-weight: 400;\">Paga un unica rata! Rata del mutuo, della macchina, del telefono,\u00a0 della ristrutturazione\u2026a volte possono accumularsi diversi impegni finanziari difficili da sostenere nel tempo: non rimanerne schiacciato!<\/span><\/p>\t\t\t\t\t\t<\/div>\n\t\t\t\t<\/div>\n\t\t\t\t<div class=\"elementor-element elementor-element-69a15fa elementor-widget elementor-widget-heading\" data-id=\"69a15fa\" data-element_type=\"widget\" data-widget_type=\"heading.default\">\n\t\t\t\t<div class=\"elementor-widget-container\">\n\t\t\t<h2 class=\"elementor-heading-title elementor-size-default\">MUTUO LIQUIDITA\u2019\n<\/h2>\t\t<\/div>\n\t\t\t\t<\/div>\n\t\t\t\t<div class=\"elementor-element elementor-element-9245c02 elementor-widget elementor-widget-text-editor\" data-id=\"9245c02\" data-element_type=\"widget\" data-widget_type=\"text-editor.default\">\n\t\t\t\t<div class=\"elementor-widget-container\">\n\t\t\t\t\t\t\t<p><span style=\"font-weight: 400;\">Sei proprietario di un immobile e hai bisogno di liquidit\u00e0?<\/span><\/p><p><span style=\"font-weight: 400;\">\u00a0<strong>Scopri come dare vita ai tuoi nuovi progetti con il mutuo liquidit\u00e0!<\/strong><\/span><\/p>\t\t\t\t\t\t<\/div>\n\t\t\t\t<\/div>\n\t\t\t\t<div class=\"elementor-element elementor-element-cfc91bd elementor-widget elementor-widget-heading\" data-id=\"cfc91bd\" data-element_type=\"widget\" data-widget_type=\"heading.default\">\n\t\t\t\t<div class=\"elementor-widget-container\">\n\t\t\t<h2 class=\"elementor-heading-title elementor-size-default\">Polizze assicurative<\/h2>\t\t<\/div>\n\t\t\t\t<\/div>\n\t\t\t\t\t<\/div>\n\t\t\t\t<\/div>\n\t\t<div class=\"elementor-element elementor-element-60c2d9f e-flex e-con-boxed e-con e-parent\" data-id=\"60c2d9f\" data-element_type=\"container\">\n\t\t\t\t\t<div class=\"e-con-inner\">\n\t\t<div class=\"elementor-element elementor-element-c237524 e-con-full e-flex e-con e-child\" data-id=\"c237524\" data-element_type=\"container\">\n\t\t\t\t<div class=\"elementor-element elementor-element-2adeb25 elementor-widget elementor-widget-text-editor\" data-id=\"2adeb25\" data-element_type=\"widget\" data-widget_type=\"text-editor.default\">\n\t\t\t\t<div class=\"elementor-widget-container\">\n\t\t\t\t\t\t\t<p><span style=\"font-weight: 400;\">Il mutuo \u00e8 un impegno sul medio-lungo termine, Mettiti al riparo da imprevisti e dormi sonni tranquilli\u00a0 garantendo un futuro di sicuro successo alla tua casa , proteggendola con un\u2019assicurazione.<\/span><\/p><p><span style=\"font-weight: 400;\">Le polizze assicurative ti garantiscono\u00a0 il pagamento delle rate in caso di eventi spiacevoli che possono normalmente verificarsi in un lasso di tempo cos\u00ec ampio, restituendoti la leggerezza che meriti.<\/span><\/p><p>\ud83d\udd12 <strong>Perch\u00e9 scegliere una copertura assicurativa per il tuo mutuo?<\/strong><\/p><ul><li><strong>Stabilit\u00e0 e protezione<\/strong>: Evita ritardi nei pagamenti in caso di eventi imprevisti.<\/li><li><strong>Sicurezza per te e i tuoi cari<\/strong>: Affronta il futuro con la certezza di una rete di sicurezza.<\/li><li><strong>Tranquillit\u00e0 quotidiana<\/strong>: Vivi il tuo progetto di ristrutturazione o acquisto senza preoccupazioni.<\/li><\/ul><p>Non lasciare che gli imprevisti ostacolino i tuoi sogni. Scegli la protezione che ti meriti. \ud83c\udfe1<\/p>\t\t\t\t\t\t<\/div>\n\t\t\t\t<\/div>\n\t\t\t\t<\/div>\n\t\t<div class=\"elementor-element elementor-element-6616338 e-con-full e-flex e-con e-child\" data-id=\"6616338\" data-element_type=\"container\">\n\t\t\t\t<div class=\"elementor-element elementor-element-4d0afc6 elementor-widget elementor-widget-image\" data-id=\"4d0afc6\" data-element_type=\"widget\" data-widget_type=\"image.default\">\n\t\t\t\t<div class=\"elementor-widget-container\">\n\t\t\t\t\t\t\t\t\t\t\t\t\t<img decoding=\"async\" width=\"768\" height=\"768\" src=\"https:\/\/accordoastafacile.it\/wp-content\/uploads\/2024\/12\/maxbasmilan_httpss.mj_.runz9ozkRuH9yM_contratto_e_firma_stile__3d8254f9-92c3-416e-abd0-3a7dfff80c0d_3-768x768.png\" class=\"attachment-medium_large size-medium_large wp-image-8221\" alt=\"\" srcset=\"https:\/\/accordoastafacile.it\/wp-content\/uploads\/2024\/12\/maxbasmilan_httpss.mj_.runz9ozkRuH9yM_contratto_e_firma_stile__3d8254f9-92c3-416e-abd0-3a7dfff80c0d_3-768x768.png 768w, https:\/\/accordoastafacile.it\/wp-content\/uploads\/2024\/12\/maxbasmilan_httpss.mj_.runz9ozkRuH9yM_contratto_e_firma_stile__3d8254f9-92c3-416e-abd0-3a7dfff80c0d_3-300x300.png 300w, https:\/\/accordoastafacile.it\/wp-content\/uploads\/2024\/12\/maxbasmilan_httpss.mj_.runz9ozkRuH9yM_contratto_e_firma_stile__3d8254f9-92c3-416e-abd0-3a7dfff80c0d_3-150x150.png 150w, https:\/\/accordoastafacile.it\/wp-content\/uploads\/2024\/12\/maxbasmilan_httpss.mj_.runz9ozkRuH9yM_contratto_e_firma_stile__3d8254f9-92c3-416e-abd0-3a7dfff80c0d_3.png 1024w\" sizes=\"(max-width: 768px) 100vw, 768px\" \/>\t\t\t\t\t\t\t\t\t\t\t\t\t<\/div>\n\t\t\t\t<\/div>\n\t\t\t\t<\/div>\n\t\t\t\t\t<\/div>\n\t\t\t\t<\/div>\n\t\t<div class=\"elementor-element elementor-element-75ba230 e-con-full e-flex e-con e-parent\" data-id=\"75ba230\" data-element_type=\"container\">\n\t\t\t\t<div class=\"elementor-element elementor-element-ed6c316 elementor-widget elementor-widget-heading\" data-id=\"ed6c316\" data-element_type=\"widget\" data-widget_type=\"heading.default\">\n\t\t\t\t<div class=\"elementor-widget-container\">\n\t\t\t<h2 class=\"elementor-heading-title elementor-size-default\">MUTUO ASTA\n<\/h2>\t\t<\/div>\n\t\t\t\t<\/div>\n\t\t\t\t<div class=\"elementor-element elementor-element-5428fde elementor-widget elementor-widget-text-editor\" data-id=\"5428fde\" data-element_type=\"widget\" data-widget_type=\"text-editor.default\">\n\t\t\t\t<div class=\"elementor-widget-container\">\n\t\t\t\t\t\t\t<p style=\"text-align: center;\"><span style=\"color: var(--text); font-family: var(--primary-font); font-size: var(--font-size); letter-spacing: var(--letter-spacing); text-align: var(--text-align);\">Finanzia il tuo immobile in asta con\u00a0 il\u00a0 MUTUO ASTA!<\/span><\/p><p style=\"text-align: center;\">Da oggi \u00e8 possibile in tempi brevissimi finanziando fino\u00a0<span style=\"text-align: var(--text-align); color: var(--text); font-family: var(--primary-font); font-size: var(--font-size); letter-spacing: var(--letter-spacing);\">\u00a0al 100%\u00a0 \u00a0del prezzo di aggiudicazione&#8230; Il\u00a0 mutuo non \u00e8 mai stato cos\u00ec facile!<\/span><\/p><p style=\"text-align: center;\"><span style=\"font-weight: 400;\">Baster\u00e0 disporre solo del 10% di anticipo cauzionale!\u00a0<\/span><\/p><p style=\"text-align: center;\"><span style=\"font-weight: 400;\">Fissa una consulenza con i nostri esperti per scoprire quanto puoi ottenere!<\/span><\/p>\t\t\t\t\t\t<\/div>\n\t\t\t\t<\/div>\n\t\t\t\t<div class=\"elementor-element elementor-element-21cd663 elementor-widget elementor-widget-heading\" data-id=\"21cd663\" data-element_type=\"widget\" data-widget_type=\"heading.default\">\n\t\t\t\t<div class=\"elementor-widget-container\">\n\t\t\t<h2 class=\"elementor-heading-title elementor-size-default\">CONSOLIDAMENTO DEBITI<\/h2>\t\t<\/div>\n\t\t\t\t<\/div>\n\t\t\t\t<div class=\"elementor-element elementor-element-1b7867d elementor-widget elementor-widget-text-editor\" data-id=\"1b7867d\" data-element_type=\"widget\" data-widget_type=\"text-editor.default\">\n\t\t\t\t<div class=\"elementor-widget-container\">\n\t\t\t\t\t\t\t<p style=\"text-align: center;\"><strong>Per contrastare il sovra indebitamento \u00e8 stato introdotto il <a href=\"https:\/\/www.gazzettaufficiale.it\/eli\/id\/2011\/12\/22\/011G0255\/sg\">Decreto Legge n. 212\/2011<\/a> a cui ogni banca pu\u00f2 decidere se aderire o meno.<\/strong><\/p><p style=\"text-align: center;\">\u00a0Qualora il reddito del creditore non fosse sufficiente ad avere le garanzie necessarie per prendere in considerazione il consolidamento dei debiti,\u00a0 la banca, chieder\u00e0 di\u00a0 far subentrare un terzo soggetto che\u00a0 diventer\u00e0 garante del prestito.Il consolidamento dei debiti\u00a0 non \u00e8 concesso alle persone segnalate come cattivi pagatori: In questi casi si opter\u00e0 per\u00a0 la<a href=\"https:\/\/debitconsulting.it\/blog\/item\/cessione-del-quinto-quando-e-possibile-il-rimborso\"> cessione del quinto<\/a>.\u00a0<\/p><p style=\"text-align: center;\">La cessione del quinto \u00e8 un finanziamento garantito da chi eroga lo stipendio o la pensione e annulla il\u00a0 rischio di insolvenza per l\u2019istituto che erogher\u00e0 il finanziamento.\u00a0 In questo modo i tuoi prestiti verranno estinti anticipatamente ai termini concordati nei contratti e uniti\u00a0 in un\u2019unica rata di importo minore alle precedenti.<\/p><p style=\"text-align: center;\">Risulter\u00e0 una mossa vincente che coniuga i vantaggi economici delle famiglie con quelli degli istituti di credito, perch\u00e9\u00a0 in grado di minimizzare il rischio di insolvenze o ritardo nei pagamenti.\u00a0La guida dei nostri esperti sapr\u00e0 indirizzarti verso l\u2019istituto di credito che potr\u00e0 accogliere la tua situazione.<\/p>\t\t\t\t\t\t<\/div>\n\t\t\t\t<\/div>\n\t\t\t\t<\/div>\n\t\t\t\t<\/div>\n\t\t","protected":false},"excerpt":{"rendered":"<p>Comprare casa non \u00e8 mai stato cos\u00ec facile! Tasso fisso, misto o variabile? \u00a0I nostri partner specializzati nella mediazione delcredito ti guideranno nella scelta pi\u00f9 adatta alle tue necessit\u00e0 rispondendoa ogni tua domanda.Le condizioni di mutuo pi\u00f9 vantaggiose sono quelle che si\u00a0modellano sui tuoi obiettivi! Per questo \u00e8 importante parlarne insieme. La tua nuova casa [&hellip;]<\/p>\n","protected":false},"author":2,"featured_media":0,"parent":0,"menu_order":0,"comment_status":"closed","ping_status":"closed","template":"elementor_header_footer","meta":{"_monsterinsights_skip_tracking":false,"_monsterinsights_sitenote_active":false,"_monsterinsights_sitenote_note":"","_monsterinsights_sitenote_category":0,"footnotes":""},"class_list":["post-8171","page","type-page","status-publish","hentry"],"aioseo_notices":[],"_links":{"self":[{"href":"https:\/\/accordoastafacile.it\/index.php?rest_route=\/wp\/v2\/pages\/8171","targetHints":{"allow":["GET"]}}],"collection":[{"href":"https:\/\/accordoastafacile.it\/index.php?rest_route=\/wp\/v2\/pages"}],"about":[{"href":"https:\/\/accordoastafacile.it\/index.php?rest_route=\/wp\/v2\/types\/page"}],"author":[{"embeddable":true,"href":"https:\/\/accordoastafacile.it\/index.php?rest_route=\/wp\/v2\/users\/2"}],"replies":[{"embeddable":true,"href":"https:\/\/accordoastafacile.it\/index.php?rest_route=%2Fwp%2Fv2%2Fcomments&post=8171"}],"version-history":[{"count":43,"href":"https:\/\/accordoastafacile.it\/index.php?rest_route=\/wp\/v2\/pages\/8171\/revisions"}],"predecessor-version":[{"id":8675,"href":"https:\/\/accordoastafacile.it\/index.php?rest_route=\/wp\/v2\/pages\/8171\/revisions\/8675"}],"wp:attachment":[{"href":"https:\/\/accordoastafacile.it\/index.php?rest_route=%2Fwp%2Fv2%2Fmedia&parent=8171"}],"curies":[{"name":"wp","href":"https:\/\/api.w.org\/{rel}","templated":true}]}}