{"id":8125,"date":"2024-12-19T02:09:28","date_gmt":"2024-12-19T01:09:28","guid":{"rendered":"https:\/\/accordoastafacile.it\/?page_id=8125"},"modified":"2025-01-04T19:42:46","modified_gmt":"2025-01-04T18:42:46","slug":"cose-il-saldo-e-stralcio","status":"publish","type":"page","link":"https:\/\/accordoastafacile.it\/?page_id=8125","title":{"rendered":"Cos&#8217;\u00e8 il Saldo e Stralcio"},"content":{"rendered":"\t\t<div data-elementor-type=\"wp-page\" data-elementor-id=\"8125\" class=\"elementor elementor-8125\" data-elementor-post-type=\"page\">\n\t\t\t\t<div class=\"elementor-element elementor-element-33f6dfb e-con-full e-flex e-con e-parent\" data-id=\"33f6dfb\" data-element_type=\"container\">\n\t\t\t\t<div class=\"elementor-element elementor-element-efec3a9 elementor-widget elementor-widget-heading\" data-id=\"efec3a9\" data-element_type=\"widget\" data-widget_type=\"heading.default\">\n\t\t\t\t<div class=\"elementor-widget-container\">\n\t\t\t<h2 class=\"elementor-heading-title elementor-size-default\">Cos'\u00e8 il Saldo e Stralcio<\/h2>\t\t<\/div>\n\t\t\t\t<\/div>\n\t\t\t\t<div class=\"elementor-element elementor-element-72bb51a elementor-widget elementor-widget-text-editor\" data-id=\"72bb51a\" data-element_type=\"widget\" data-widget_type=\"text-editor.default\">\n\t\t\t\t<div class=\"elementor-widget-container\">\n\t\t\t\t\t\t\t<p>Il saldo e stralcio \u00e8 un accordo tra un debitore e uno o pi\u00f9 creditori che consente di chiudere il debito ad un importo inferiore a quello originariamente dovuto.<\/p><p>E\u2019 una strategia percorribile per fare ottenere al creditore il rapido recupero , anche se parziale, del suo credito .<\/p><p>Questo metodo rappresenta una soluzione efficace per risolvere situazioni di insolvenza, evitando la vendita all\u2019asta dell\u2019immobile e riducendo il peso finanziario sul debitore, con buone probabilit\u00e0 di recuperare il suo immobile.<\/p>\t\t\t\t\t\t<\/div>\n\t\t\t\t<\/div>\n\t\t\t\t<\/div>\n\t\t<div class=\"elementor-element elementor-element-0ccbcab e-flex e-con-boxed e-con e-parent\" data-id=\"0ccbcab\" data-element_type=\"container\">\n\t\t\t\t\t<div class=\"e-con-inner\">\n\t\t\t\t<div class=\"elementor-element elementor-element-cf6f7cb elementor-widget elementor-widget-image\" data-id=\"cf6f7cb\" data-element_type=\"widget\" data-widget_type=\"image.default\">\n\t\t\t\t<div class=\"elementor-widget-container\">\n\t\t\t\t\t\t\t\t\t\t\t\t\t<img fetchpriority=\"high\" decoding=\"async\" width=\"300\" height=\"300\" src=\"https:\/\/accordoastafacile.it\/wp-content\/uploads\/2024\/12\/SALDO2-300x300.png\" class=\"attachment-medium size-medium wp-image-8446\" alt=\"\" srcset=\"https:\/\/accordoastafacile.it\/wp-content\/uploads\/2024\/12\/SALDO2-300x300.png 300w, https:\/\/accordoastafacile.it\/wp-content\/uploads\/2024\/12\/SALDO2-1024x1024.png 1024w, https:\/\/accordoastafacile.it\/wp-content\/uploads\/2024\/12\/SALDO2-150x150.png 150w, https:\/\/accordoastafacile.it\/wp-content\/uploads\/2024\/12\/SALDO2-768x768.png 768w, https:\/\/accordoastafacile.it\/wp-content\/uploads\/2024\/12\/SALDO2.png 1120w\" sizes=\"(max-width: 300px) 100vw, 300px\" \/>\t\t\t\t\t\t\t\t\t\t\t\t\t<\/div>\n\t\t\t\t<\/div>\n\t\t\t\t\t<\/div>\n\t\t\t\t<\/div>\n\t\t<div class=\"elementor-element elementor-element-8441c4e e-con-full e-flex e-con e-parent\" data-id=\"8441c4e\" data-element_type=\"container\">\n\t\t\t\t<div class=\"elementor-element elementor-element-53c715e elementor-widget elementor-widget-heading\" data-id=\"53c715e\" data-element_type=\"widget\" data-widget_type=\"heading.default\">\n\t\t\t\t<div class=\"elementor-widget-container\">\n\t\t\t<h2 class=\"elementor-heading-title elementor-size-default\">Ti aiutiamo a trovare le soluzioni pi\u00f9 adatte alle tue esigenze con professionalit\u00e0 e competenza. <br>Siamo con te!..Al tuo fianco per ridarti la serenit\u00e0 e la stabilit\u00e0 che meriti!\n<\/h2>\t\t<\/div>\n\t\t\t\t<\/div>\n\t\t\t\t<div class=\"elementor-element elementor-element-b46c28f elementor-align-center elementor-widget elementor-widget-button\" data-id=\"b46c28f\" data-element_type=\"widget\" data-widget_type=\"button.default\">\n\t\t\t\t<div class=\"elementor-widget-container\">\n\t\t\t\t\t\t\t<div class=\"elementor-button-wrapper\">\n\t\t\t\t\t<a class=\"elementor-button elementor-button-link elementor-size-sm\" href=\"https:\/\/wa.me\/message\/ZIGCECYSXHQTC1\">\n\t\t\t\t\t\t<span class=\"elementor-button-content-wrapper\">\n\t\t\t\t\t\t<span class=\"elementor-button-icon\">\n\t\t\t\t<svg aria-hidden=\"true\" class=\"e-font-icon-svg e-fab-whatsapp\" viewBox=\"0 0 448 512\" xmlns=\"http:\/\/www.w3.org\/2000\/svg\"><path d=\"M380.9 97.1C339 55.1 283.2 32 223.9 32c-122.4 0-222 99.6-222 222 0 39.1 10.2 77.3 29.6 111L0 480l117.7-30.9c32.4 17.7 68.9 27 106.1 27h.1c122.3 0 224.1-99.6 224.1-222 0-59.3-25.2-115-67.1-157zm-157 341.6c-33.2 0-65.7-8.9-94-25.7l-6.7-4-69.8 18.3L72 359.2l-4.4-7c-18.5-29.4-28.2-63.3-28.2-98.2 0-101.7 82.8-184.5 184.6-184.5 49.3 0 95.6 19.2 130.4 54.1 34.8 34.9 56.2 81.2 56.1 130.5 0 101.8-84.9 184.6-186.6 184.6zm101.2-138.2c-5.5-2.8-32.8-16.2-37.9-18-5.1-1.9-8.8-2.8-12.5 2.8-3.7 5.6-14.3 18-17.6 21.8-3.2 3.7-6.5 4.2-12 1.4-32.6-16.3-54-29.1-75.5-66-5.7-9.8 5.7-9.1 16.3-30.3 1.8-3.7.9-6.9-.5-9.7-1.4-2.8-12.5-30.1-17.1-41.2-4.5-10.8-9.1-9.3-12.5-9.5-3.2-.2-6.9-.2-10.6-.2-3.7 0-9.7 1.4-14.8 6.9-5.1 5.6-19.4 19-19.4 46.3 0 27.3 19.9 53.7 22.6 57.4 2.8 3.7 39.1 59.7 94.8 83.8 35.2 15.2 49 16.5 66.6 13.9 10.7-1.6 32.8-13.4 37.4-26.4 4.6-13 4.6-24.1 3.2-26.4-1.3-2.5-5-3.9-10.5-6.6z\"><\/path><\/svg>\t\t\t<\/span>\n\t\t\t\t\t\t\t\t\t<span class=\"elementor-button-text\">CHATTA CON NOI  per un primo consulto gratuito.<\/span>\n\t\t\t\t\t<\/span>\n\t\t\t\t\t<\/a>\n\t\t\t\t<\/div>\n\t\t\t\t\t\t<\/div>\n\t\t\t\t<\/div>\n\t\t\t\t<div class=\"elementor-element elementor-element-e469327 elementor-widget-divider--view-line elementor-widget elementor-widget-divider\" data-id=\"e469327\" data-element_type=\"widget\" data-widget_type=\"divider.default\">\n\t\t\t\t<div class=\"elementor-widget-container\">\n\t\t\t\t\t<div class=\"elementor-divider\">\n\t\t\t<span class=\"elementor-divider-separator\">\n\t\t\t\t\t\t<\/span>\n\t\t<\/div>\n\t\t\t\t<\/div>\n\t\t\t\t<\/div>\n\t\t\t\t<div class=\"elementor-element elementor-element-18b66f2 elementor-widget elementor-widget-heading\" data-id=\"18b66f2\" data-element_type=\"widget\" data-widget_type=\"heading.default\">\n\t\t\t\t<div class=\"elementor-widget-container\">\n\t\t\t<h2 class=\"elementor-heading-title elementor-size-default\">Vendita immobile pignorato<\/h2>\t\t<\/div>\n\t\t\t\t<\/div>\n\t\t\t\t<\/div>\n\t\t<div class=\"elementor-element elementor-element-cefcb60 e-flex e-con-boxed e-con e-parent\" data-id=\"cefcb60\" data-element_type=\"container\">\n\t\t\t\t\t<div class=\"e-con-inner\">\n\t\t<div class=\"elementor-element elementor-element-3362068 e-con-full e-flex e-con e-child\" data-id=\"3362068\" data-element_type=\"container\">\n\t\t\t\t<div class=\"elementor-element elementor-element-0929064 elementor-flip-box--effect-fade elementor-widget elementor-widget-flip-box\" data-id=\"0929064\" data-element_type=\"widget\" data-widget_type=\"flip-box.default\">\n\t\t\t\t<div class=\"elementor-widget-container\">\n\t\t\t\t\t<div class=\"elementor-flip-box\" tabindex=\"0\">\n\t\t\t<div class=\"elementor-flip-box__layer elementor-flip-box__front\">\n\t\t\t\t<div class=\"elementor-flip-box__layer__overlay\">\n\t\t\t\t\t<div class=\"elementor-flip-box__layer__inner\">\n\t\t\t\t\t\t\n\t\t\t\t\t\t\t\t\t\t\t\t\t<h3 class=\"elementor-flip-box__layer__title\">\n\t\t\t\t\t\t\t\tSi pu\u00f2 vendere una casa pignorata prima dell\u2019asta?\t\t\t\t\t\t\t<\/h3>\n\t\t\t\t\t\t\n\t\t\t\t\t\t\t\t\t\t\t<\/div>\n\t\t\t\t<\/div>\n\t\t\t<\/div>\n\t\t\t<div class=\"elementor-flip-box__layer elementor-flip-box__back\">\n\t\t\t<div class=\"elementor-flip-box__layer__overlay\">\n\t\t\t\t<div class=\"elementor-flip-box__layer__inner\">\n\t\t\t\t\t\t\t\t\t\t\t<h3 class=\"elementor-flip-box__layer__title\">\n\t\t\t\t\t\t\t\u00c8 importante sottolineare che il proprietario rimane titolare dell\u2019immobile pur non potendone disporre per la vendita.\t\t\t\t\t\t<\/h3>\n\t\t\t\t\t\n\t\t\t\t\t\t\t\t\t\t\t<div class=\"elementor-flip-box__layer__description\">\n\t\t\t\t\t\t\tL\u2019immobile diventa una garanzia di riprendere il credito vantato finch\u00e9 non lo si salda entro breve termine, altrimenti il bene viene messo in asta.\t\t\t\t\t\t<\/div>\n\t\t\t\t\t\n\t\t\t\t\t\t\t\t\t\t\t<a class=\"elementor-flip-box__button elementor-button elementor-size-sm\" href=\"https:\/\/wa.me\/message\/ZIGCECYSXHQTC1\">\n\t\t\t\t\t\t\tCHATTA CON NOI - Chiedi Assistenza\t\t\t\t\t\t<\/a>\n\t\t\t\t\t\t\t\t<\/div>\n\t\t<\/div>\n\t\t<\/div>\n\t\t<\/div>\n\t\t\t\t<\/div>\n\t\t\t\t<\/div>\n\t\t\t\t<div class=\"elementor-element elementor-element-cf8e2bb elementor-widget elementor-widget-heading\" data-id=\"cf8e2bb\" data-element_type=\"widget\" data-widget_type=\"heading.default\">\n\t\t\t\t<div class=\"elementor-widget-container\">\n\t\t\t<h2 class=\"elementor-heading-title elementor-size-default\">La vendita di un immobile pignorato viene sempre effettuata volontariamente dal proprietario pattuendo con i creditori un accordo per via stragiudiziale.\n\nNonostante ci\u00f2 il pignoramento nasconde diverse insidie per cui si pu\u00f2 perdere molto di pi\u00f9 dell\u2019immobile e rimanere perseguibili dai creditori, motivo per cui farsi aiutare da consulenti fidati che sapranno indicarti come muoverti con abilit\u00e0 e precisione tra gli ambiti  immobiliare, legale e creditizio.\n<\/h2>\t\t<\/div>\n\t\t\t\t<\/div>\n\t\t\t\t<div class=\"elementor-element elementor-element-086a9d9 elementor-widget elementor-widget-text-editor\" data-id=\"086a9d9\" data-element_type=\"widget\" data-widget_type=\"text-editor.default\">\n\t\t\t\t<div class=\"elementor-widget-container\">\n\t\t\t\t\t\t\t<p style=\"text-align: center;\">Affidandoti a ACCORDO ASTA FACILE potrai\u00a0 azzerare i\u00a0 debiti sul tuo immobile evitando l&#8217;asta.<\/p><p style=\"text-align: center;\">Siamo orientati a farti ottenere il miglior risultato, se possibile recuperando il tuo immobile o saldando il debito con la vendita,<\/p><p style=\"text-align: center;\">\u00a0facendoti ottenere numerosi benefici e vantaggi.<\/p><p style=\"text-align: center;\">Il tuo debito ha le ore contate! Chiamaci ora!\u00a0<\/p><p style=\"text-align: center;\">Sarai informato di tutto quello che puoi fare per salvare la tua casa e far tornare la situazione a tuo favore!\u00a0<\/p>\t\t\t\t\t\t<\/div>\n\t\t\t\t<\/div>\n\t\t\t\t<\/div>\n\t\t\t\t\t<\/div>\n\t\t\t\t<\/div>\n\t\t<div class=\"elementor-element elementor-element-2c092fc e-con-full e-flex e-con e-parent\" data-id=\"2c092fc\" data-element_type=\"container\">\n\t\t\t\t<div class=\"elementor-element elementor-element-761134c elementor-widget elementor-widget-heading\" data-id=\"761134c\" data-element_type=\"widget\" data-widget_type=\"heading.default\">\n\t\t\t\t<div class=\"elementor-widget-container\">\n\t\t\t<h2 class=\"elementor-heading-title elementor-size-default\">Che cos'\u00e8 il pignoramento?<\/h2>\t\t<\/div>\n\t\t\t\t<\/div>\n\t\t\t\t<\/div>\n\t\t<div class=\"elementor-element elementor-element-f3c570c e-flex e-con-boxed e-con e-parent\" data-id=\"f3c570c\" data-element_type=\"container\">\n\t\t\t\t\t<div class=\"e-con-inner\">\n\t\t<div class=\"elementor-element elementor-element-bc1915f e-con-full e-flex e-con e-child\" data-id=\"bc1915f\" data-element_type=\"container\">\n\t\t\t\t<div class=\"elementor-element elementor-element-7080f6f elementor-widget elementor-widget-heading\" data-id=\"7080f6f\" data-element_type=\"widget\" data-widget_type=\"heading.default\">\n\t\t\t\t<div class=\"elementor-widget-container\">\n\t\t\t<h4 class=\"elementor-heading-title elementor-size-default\">Si verifica quando il creditore notifica tramite un atto giudiziario in seguito al mancato adempimento degli obblighi da parte del debitore.<br>A questo seguir\u00e0 un azione coattiva dei beni da parte del creditore.\n<\/h4>\t\t<\/div>\n\t\t\t\t<\/div>\n\t\t\t\t<\/div>\n\t\t\t\t\t<\/div>\n\t\t\t\t<\/div>\n\t\t<div class=\"elementor-element elementor-element-4b6fbee e-flex e-con-boxed e-con e-parent\" data-id=\"4b6fbee\" data-element_type=\"container\">\n\t\t\t\t\t<div class=\"e-con-inner\">\n\t\t<div class=\"elementor-element elementor-element-856d978 e-con-full e-flex e-con e-child\" data-id=\"856d978\" data-element_type=\"container\">\n\t\t\t\t<div class=\"elementor-element elementor-element-4ab1878 elementor-widget elementor-widget-heading\" data-id=\"4ab1878\" data-element_type=\"widget\" data-widget_type=\"heading.default\">\n\t\t\t\t<div class=\"elementor-widget-container\">\n\t\t\t<h2 class=\"elementor-heading-title elementor-size-default\">Il quadro normativo di riferimento del pignoramento<\/h2>\t\t<\/div>\n\t\t\t\t<\/div>\n\t\t\t\t<div class=\"elementor-element elementor-element-8b9e268 elementor-widget elementor-widget-text-editor\" data-id=\"8b9e268\" data-element_type=\"widget\" data-widget_type=\"text-editor.default\">\n\t\t\t\t<div class=\"elementor-widget-container\">\n\t\t\t\t\t\t\t<p style=\"text-align: center;\">Viene disciplinato dal codice civile (art. 491, 80\/2005 3 51\/2006).<\/p><p style=\"text-align: center;\">Per essere notificato,\u00a0 il pignoramento, deve essere eseguito tramite una procedura standard, come indicato dal quadro normativo .<\/p><p style=\"text-align: center;\">Tale procedura pu\u00f2 essere attuata solo in presenza di un titolo esecutivo e un atto di precetto che deve essere notificato al debitore.<\/p><p style=\"text-align: center;\">All&#8217;interno dell&#8217;atto di precetto stesso viene indicato il termine ultimo per il saldo dei debiti il quale non pu\u00f2 essere inferiore ai 10 giorni.\u00a0<\/p><p style=\"text-align: center;\">Al termine del tempo indicato si pu\u00f2 procedere e rendere quindi esecutivo il pignoramento vero e proprio.<\/p><p style=\"text-align: center;\">L&#8217;ingiunzione, del pignoramento deve obbligatoriamente contenere alcune informazioni, ossia: 1) l&#8217;invito a fornire una dichiarazione di residenza o domicilio e 2) l&#8217;avvertimento che si pu\u00f2 sostituire ai beni pignorati una somma di denaro di almeno un quinto,\u00a0 che si potr\u00e0 depositare presso la cancelleria del giudice competente per l&#8217;esecuzione.<\/p><p style=\"text-align: center;\">Questo complesso processo pu\u00f2 essere avviato\u00a0in modo pi\u00f9 fluido col supporto di un professionista o direttamente dal debitore con tutte le difficolt\u00e0 che ne possono derivare.<\/p>\t\t\t\t\t\t<\/div>\n\t\t\t\t<\/div>\n\t\t<div class=\"elementor-element elementor-element-f37f4c6 e-con-full e-flex e-con e-child\" data-id=\"f37f4c6\" data-element_type=\"container\">\n\t\t\t\t<div class=\"elementor-element elementor-element-b60e0b9 elementor-widget elementor-widget-text-editor\" data-id=\"b60e0b9\" data-element_type=\"widget\" data-widget_type=\"text-editor.default\">\n\t\t\t\t<div class=\"elementor-widget-container\">\n\t\t\t\t\t\t\t<p style=\"text-align: center;\">Risparmia stress, tempo e denaro, pianificando insieme la soluzione pi\u00f9 adatta alle tue esigenze, affiancato da\u00a0 consulenti e professionisti che ti guideranno a sicura e serena destinazione!<\/p>\t\t\t\t\t\t<\/div>\n\t\t\t\t<\/div>\n\t\t\t\t<\/div>\n\t\t\t\t<\/div>\n\t\t\t\t\t<\/div>\n\t\t\t\t<\/div>\n\t\t<div class=\"elementor-element elementor-element-8ba82be e-con-full e-flex e-con e-parent\" data-id=\"8ba82be\" data-element_type=\"container\">\n\t\t\t\t<div class=\"elementor-element elementor-element-5560720 elementor-widget elementor-widget-heading\" data-id=\"5560720\" data-element_type=\"widget\" data-widget_type=\"heading.default\">\n\t\t\t\t<div class=\"elementor-widget-container\">\n\t\t\t<h2 class=\"elementor-heading-title elementor-size-default\">Legge 3\/2012 - Antisuicidi<\/h2>\t\t<\/div>\n\t\t\t\t<\/div>\n\t\t\t\t<\/div>\n\t\t<div class=\"elementor-element elementor-element-f8fd938 e-flex e-con-boxed e-con e-parent\" data-id=\"f8fd938\" data-element_type=\"container\">\n\t\t\t\t\t<div class=\"e-con-inner\">\n\t\t<div class=\"elementor-element elementor-element-7a918f3 e-con-full e-flex e-con e-child\" data-id=\"7a918f3\" data-element_type=\"container\">\n\t\t\t\t<div class=\"elementor-element elementor-element-c1bc05d elementor-widget elementor-widget-heading\" data-id=\"c1bc05d\" data-element_type=\"widget\" data-widget_type=\"heading.default\">\n\t\t\t\t<div class=\"elementor-widget-container\">\n\t\t\t<h4 class=\"elementor-heading-title elementor-size-default\">La Legge n. 3\/2012, conosciuta come \"Legge sul Sovraindebitamento\" o \"Legge Anti Suicidi\", rappresenta una delle soluzioni pi\u00f9 efficaci per la tutela dei debitori in difficolt\u00e0. \nUna delle formule di maggior successo a tutela dei debitore \u00e8 stata la legge n. 3\/2012 sul sovra indebitamento, detta anche legge anche anti-suicidi.\n<\/h4>\t\t<\/div>\n\t\t\t\t<\/div>\n\t\t\t\t<\/div>\n\t\t<div class=\"elementor-element elementor-element-f2a4b8e e-con-full e-flex e-con e-child\" data-id=\"f2a4b8e\" data-element_type=\"container\">\n\t\t\t\t<div class=\"elementor-element elementor-element-e4a77cb elementor-widget elementor-widget-image\" data-id=\"e4a77cb\" data-element_type=\"widget\" data-widget_type=\"image.default\">\n\t\t\t\t<div class=\"elementor-widget-container\">\n\t\t\t\t\t\t\t\t\t\t\t\t\t<img decoding=\"async\" width=\"800\" height=\"800\" src=\"https:\/\/accordoastafacile.it\/wp-content\/uploads\/2025\/01\/SALDO-3-1024x1024.png\" class=\"attachment-large size-large wp-image-8585\" alt=\"\" srcset=\"https:\/\/accordoastafacile.it\/wp-content\/uploads\/2025\/01\/SALDO-3-1024x1024.png 1024w, https:\/\/accordoastafacile.it\/wp-content\/uploads\/2025\/01\/SALDO-3-300x300.png 300w, https:\/\/accordoastafacile.it\/wp-content\/uploads\/2025\/01\/SALDO-3-150x150.png 150w, https:\/\/accordoastafacile.it\/wp-content\/uploads\/2025\/01\/SALDO-3-768x768.png 768w, https:\/\/accordoastafacile.it\/wp-content\/uploads\/2025\/01\/SALDO-3.png 1120w\" sizes=\"(max-width: 800px) 100vw, 800px\" \/>\t\t\t\t\t\t\t\t\t\t\t\t\t<\/div>\n\t\t\t\t<\/div>\n\t\t\t\t<\/div>\n\t\t\t\t\t<\/div>\n\t\t\t\t<\/div>\n\t\t<div class=\"elementor-element elementor-element-4654085 e-flex e-con-boxed e-con e-parent\" data-id=\"4654085\" data-element_type=\"container\">\n\t\t\t\t\t<div class=\"e-con-inner\">\n\t\t<div class=\"elementor-element elementor-element-b3f8c92 e-con-full e-flex e-con e-child\" data-id=\"b3f8c92\" data-element_type=\"container\">\n\t\t\t\t<div class=\"elementor-element elementor-element-230fabe elementor-widget elementor-widget-text-editor\" data-id=\"230fabe\" data-element_type=\"widget\" data-widget_type=\"text-editor.default\">\n\t\t\t\t<div class=\"elementor-widget-container\">\n\t\t\t\t\t\t\t<p style=\"text-align: left;\">Questa legge riconosce al debitore la possibilit\u00e0 di ricorrere a vari piani di tutela come:<\/p>\t\t\t\t\t\t<\/div>\n\t\t\t\t<\/div>\n\t\t\t\t<div class=\"elementor-element elementor-element-e6c168e elementor-widget elementor-widget-text-editor\" data-id=\"e6c168e\" data-element_type=\"widget\" data-widget_type=\"text-editor.default\">\n\t\t\t\t<div class=\"elementor-widget-container\">\n\t\t\t\t\t\t\t<ul><li>Il piano del consumatore;<\/li><li>L\u2019accordo con i creditori;<\/li><li>La liquidazione del patrimonio.<\/li><\/ul>\t\t\t\t\t\t<\/div>\n\t\t\t\t<\/div>\n\t\t\t\t<div class=\"elementor-element elementor-element-8567348 elementor-widget elementor-widget-text-editor\" data-id=\"8567348\" data-element_type=\"widget\" data-widget_type=\"text-editor.default\">\n\t\t\t\t<div class=\"elementor-widget-container\">\n\t\t\t\t\t\t\t<p style=\"text-align: center;\">I benefici di ognuna di queste procedure devono essere considerati in seguito a una serie di analisi e verifiche , su consiglio di un consulente del debito , per conoscere i passi pi\u00f9 opportuni per arrivare alla soluzione desiderata .<\/p><p style=\"text-align: center;\">Se anche tu che stai leggendo ti ritrovi in questo tipo di situazione, sappi che la soluzione \u00e8 a un passo da te!<\/p><p style=\"text-align: center;\">Ci prenderemo cura della tua situazione. Troverai professionisti fidati pronti ad ascoltarti , che dopo un&#8217; analisi attenta sapranno consigliarti la soluzione pi\u00f9 adatta alle tue esigenze.<\/p><p style=\"text-align: center;\">Grazie alla nostra consulenza specializzata, ti guideremo nella scelta della strada pi\u00f9 adatta al tuo caso specifico.<\/p>\t\t\t\t\t\t<\/div>\n\t\t\t\t<\/div>\n\t\t\t\t<div class=\"elementor-element elementor-element-8a86244 elementor-align-center elementor-widget elementor-widget-button\" data-id=\"8a86244\" data-element_type=\"widget\" data-widget_type=\"button.default\">\n\t\t\t\t<div class=\"elementor-widget-container\">\n\t\t\t\t\t\t\t<div class=\"elementor-button-wrapper\">\n\t\t\t\t\t<a class=\"elementor-button elementor-button-link elementor-size-sm\" href=\"https:\/\/wa.me\/message\/ZIGCECYSXHQTC1\">\n\t\t\t\t\t\t<span class=\"elementor-button-content-wrapper\">\n\t\t\t\t\t\t<span class=\"elementor-button-icon\">\n\t\t\t\t<svg aria-hidden=\"true\" class=\"e-font-icon-svg e-fab-whatsapp\" viewBox=\"0 0 448 512\" xmlns=\"http:\/\/www.w3.org\/2000\/svg\"><path d=\"M380.9 97.1C339 55.1 283.2 32 223.9 32c-122.4 0-222 99.6-222 222 0 39.1 10.2 77.3 29.6 111L0 480l117.7-30.9c32.4 17.7 68.9 27 106.1 27h.1c122.3 0 224.1-99.6 224.1-222 0-59.3-25.2-115-67.1-157zm-157 341.6c-33.2 0-65.7-8.9-94-25.7l-6.7-4-69.8 18.3L72 359.2l-4.4-7c-18.5-29.4-28.2-63.3-28.2-98.2 0-101.7 82.8-184.5 184.6-184.5 49.3 0 95.6 19.2 130.4 54.1 34.8 34.9 56.2 81.2 56.1 130.5 0 101.8-84.9 184.6-186.6 184.6zm101.2-138.2c-5.5-2.8-32.8-16.2-37.9-18-5.1-1.9-8.8-2.8-12.5 2.8-3.7 5.6-14.3 18-17.6 21.8-3.2 3.7-6.5 4.2-12 1.4-32.6-16.3-54-29.1-75.5-66-5.7-9.8 5.7-9.1 16.3-30.3 1.8-3.7.9-6.9-.5-9.7-1.4-2.8-12.5-30.1-17.1-41.2-4.5-10.8-9.1-9.3-12.5-9.5-3.2-.2-6.9-.2-10.6-.2-3.7 0-9.7 1.4-14.8 6.9-5.1 5.6-19.4 19-19.4 46.3 0 27.3 19.9 53.7 22.6 57.4 2.8 3.7 39.1 59.7 94.8 83.8 35.2 15.2 49 16.5 66.6 13.9 10.7-1.6 32.8-13.4 37.4-26.4 4.6-13 4.6-24.1 3.2-26.4-1.3-2.5-5-3.9-10.5-6.6z\"><\/path><\/svg>\t\t\t<\/span>\n\t\t\t\t\t\t\t\t\t<span class=\"elementor-button-text\">Siamo qui per trovare soluzioni insieme. CHATTA ORA!<\/span>\n\t\t\t\t\t<\/span>\n\t\t\t\t\t<\/a>\n\t\t\t\t<\/div>\n\t\t\t\t\t\t<\/div>\n\t\t\t\t<\/div>\n\t\t\t\t<\/div>\n\t\t\t\t\t<\/div>\n\t\t\t\t<\/div>\n\t\t\t\t<\/div>\n\t\t","protected":false},"excerpt":{"rendered":"<p>Cos&#8217;\u00e8 il Saldo e Stralcio Il saldo e stralcio \u00e8 un accordo tra un debitore e uno o pi\u00f9 creditori che consente di chiudere il debito ad un importo inferiore a quello originariamente dovuto. E\u2019 una strategia percorribile per fare ottenere al creditore il rapido recupero , anche se parziale, del suo credito . Questo [&hellip;]<\/p>\n","protected":false},"author":2,"featured_media":0,"parent":0,"menu_order":0,"comment_status":"closed","ping_status":"closed","template":"elementor_header_footer","meta":{"_monsterinsights_skip_tracking":false,"_monsterinsights_sitenote_active":false,"_monsterinsights_sitenote_note":"","_monsterinsights_sitenote_category":0,"footnotes":""},"class_list":["post-8125","page","type-page","status-publish","hentry"],"aioseo_notices":[],"_links":{"self":[{"href":"https:\/\/accordoastafacile.it\/index.php?rest_route=\/wp\/v2\/pages\/8125","targetHints":{"allow":["GET"]}}],"collection":[{"href":"https:\/\/accordoastafacile.it\/index.php?rest_route=\/wp\/v2\/pages"}],"about":[{"href":"https:\/\/accordoastafacile.it\/index.php?rest_route=\/wp\/v2\/types\/page"}],"author":[{"embeddable":true,"href":"https:\/\/accordoastafacile.it\/index.php?rest_route=\/wp\/v2\/users\/2"}],"replies":[{"embeddable":true,"href":"https:\/\/accordoastafacile.it\/index.php?rest_route=%2Fwp%2Fv2%2Fcomments&post=8125"}],"version-history":[{"count":40,"href":"https:\/\/accordoastafacile.it\/index.php?rest_route=\/wp\/v2\/pages\/8125\/revisions"}],"predecessor-version":[{"id":8669,"href":"https:\/\/accordoastafacile.it\/index.php?rest_route=\/wp\/v2\/pages\/8125\/revisions\/8669"}],"wp:attachment":[{"href":"https:\/\/accordoastafacile.it\/index.php?rest_route=%2Fwp%2Fv2%2Fmedia&parent=8125"}],"curies":[{"name":"wp","href":"https:\/\/api.w.org\/{rel}","templated":true}]}}