{"id":8095,"date":"2024-12-19T01:19:20","date_gmt":"2024-12-19T00:19:20","guid":{"rendered":"https:\/\/accordoastafacile.it\/?page_id=8095"},"modified":"2025-01-04T19:51:06","modified_gmt":"2025-01-04T18:51:06","slug":"elementor-8095","status":"publish","type":"page","link":"https:\/\/accordoastafacile.it\/?page_id=8095","title":{"rendered":"ACCORDI WIN-WIN"},"content":{"rendered":"\t\t<div data-elementor-type=\"wp-page\" data-elementor-id=\"8095\" class=\"elementor elementor-8095\" data-elementor-post-type=\"page\">\n\t\t\t\t<div class=\"elementor-element elementor-element-6908be3 e-flex e-con-boxed e-con e-parent\" data-id=\"6908be3\" data-element_type=\"container\">\n\t\t\t\t\t<div class=\"e-con-inner\">\n\t\t\t\t<div class=\"elementor-element elementor-element-c84777d elementor-widget elementor-widget-heading\" data-id=\"c84777d\" data-element_type=\"widget\" data-widget_type=\"heading.default\">\n\t\t\t\t<div class=\"elementor-widget-container\">\n\t\t\t<h2 class=\"elementor-heading-title elementor-size-default\">ACCORDO ASTA FACILE offre consulenza sul debito e si avvale di partner come mediatori del credito, avvocati specializzati in tributaria e diritto immobiliare, fiscalisti , per aiutare le persone che rischiano di perdere il proprio immobile a causa della mancata restituzione del debito.<br><\/h2>\t\t<\/div>\n\t\t\t\t<\/div>\n\t\t\t\t\t<\/div>\n\t\t\t\t<\/div>\n\t\t<div class=\"elementor-element elementor-element-663b936 e-flex e-con-boxed e-con e-parent\" data-id=\"663b936\" data-element_type=\"container\">\n\t\t\t\t\t<div class=\"e-con-inner\">\n\t\t\t\t<div class=\"elementor-element elementor-element-d4ba729 elementor-widget elementor-widget-heading\" data-id=\"d4ba729\" data-element_type=\"widget\" data-widget_type=\"heading.default\">\n\t\t\t\t<div class=\"elementor-widget-container\">\n\t\t\t<h2 class=\"elementor-heading-title elementor-size-default\">ACCORDI WIN-WIN<\/h2>\t\t<\/div>\n\t\t\t\t<\/div>\n\t\t\t\t<div class=\"elementor-element elementor-element-9b1a4c1 elementor-widget elementor-widget-text-editor\" data-id=\"9b1a4c1\" data-element_type=\"widget\" data-widget_type=\"text-editor.default\">\n\t\t\t\t<div class=\"elementor-widget-container\">\n\t\t\t\t\t\t\t<p style=\"text-align: center;\">Quando non si riesce a far fronte ai pagamenti anche i creditori devono pagare le conseguenze derivanti dal mancato incasso .<\/p><p style=\"text-align: center;\">ACCORDO ASTA FACILE aiuta creditori e debitori a ritrovare la\u00a0comunicabilit\u00e0 perduta.<\/p><p style=\"text-align: center;\">Spesso\u00a0le persone che non riescono a pagare pi\u00f9 il debito a causa della difficile situazione che stanno vivendo, si chiudono in se stesse tagliando i ponti comunicativi e rifiutando l&#8217;aiuto anche di chi potrebbe offrirgli soluzioni.<\/p><p style=\"text-align: center;\">In questi casi aumentando il divario\u00a0 tra le parti ,\u00a0 per il creditore l\u2019unica\u00a0 soluzione diventer\u00e0 rivolgersi ad un legale , aggravando la propria situazione con un ulteriore esborso economico nella speranza di recuperare velocemente il credito.<\/p><p style=\"text-align: center;\">Dopo varie azioni legali fatte nel protrarsi del tempo il creditore vedr\u00e0 sempre pi\u00f9 consistente l\u2019accumularsi della somma da recuperare,\u00a0 per poi ottenere nelle aule di tribunale un misero risultato di recupero del credito , che andr\u00e0 in coda al creditore con ipoteca di primo grado.<\/p>\t\t\t\t\t\t<\/div>\n\t\t\t\t<\/div>\n\t\t\t\t<div class=\"elementor-element elementor-element-88da421 elementor-widget elementor-widget-heading\" data-id=\"88da421\" data-element_type=\"widget\" data-widget_type=\"heading.default\">\n\t\t\t\t<div class=\"elementor-widget-container\">\n\t\t\t<h5 class=\"elementor-heading-title elementor-size-default\">Questo \u00e8 quello che accade all\u2019ordine del giorno nei condomini, dove il debito accumulato dai condomini che non riescono a pagare viene ripartito tra i condomini paganti in attesa di \u201cgiustizia per via legale\u201d.<br><br><\/h5>\t\t<\/div>\n\t\t\t\t<\/div>\n\t\t\t\t\t<\/div>\n\t\t\t\t<\/div>\n\t\t<div class=\"elementor-element elementor-element-470cdb8 e-flex e-con-boxed e-con e-parent\" data-id=\"470cdb8\" data-element_type=\"container\">\n\t\t\t\t\t<div class=\"e-con-inner\">\n\t\t<div class=\"elementor-element elementor-element-8611f95 e-con-full e-flex e-con e-child\" data-id=\"8611f95\" data-element_type=\"container\">\n\t\t\t\t<div class=\"elementor-element elementor-element-c4ee2d6 elementor-widget elementor-widget-heading\" data-id=\"c4ee2d6\" data-element_type=\"widget\" data-widget_type=\"heading.default\">\n\t\t\t\t<div class=\"elementor-widget-container\">\n\t\t\t<h2 class=\"elementor-heading-title elementor-size-default\">Sei un amministratore di condominio alle prese con diverse posizioni debitorie?\n<\/h2>\t\t<\/div>\n\t\t\t\t<\/div>\n\t\t\t\t<div class=\"elementor-element elementor-element-60aacce elementor-widget elementor-widget-heading\" data-id=\"60aacce\" data-element_type=\"widget\" data-widget_type=\"heading.default\">\n\t\t\t\t<div class=\"elementor-widget-container\">\n\t\t\t<h2 class=\"elementor-heading-title elementor-size-default\">Sei un condomino stanco di pagare anche le rate di altri condomini?<\/h2>\t\t<\/div>\n\t\t\t\t<\/div>\n\t\t\t\t<div class=\"elementor-element elementor-element-31eb45d elementor-widget elementor-widget-heading\" data-id=\"31eb45d\" data-element_type=\"widget\" data-widget_type=\"heading.default\">\n\t\t\t\t<div class=\"elementor-widget-container\">\n\t\t\t<h2 class=\"elementor-heading-title elementor-size-default\">Hai desiderio di trovare un accordo per recuperare il credito velocemente <br>senza aggravarti di ulteriori spese?\n<\/h2>\t\t<\/div>\n\t\t\t\t<\/div>\n\t\t\t\t<div class=\"elementor-element elementor-element-177cabd elementor-align-center elementor-widget elementor-widget-button\" data-id=\"177cabd\" data-element_type=\"widget\" data-widget_type=\"button.default\">\n\t\t\t\t<div class=\"elementor-widget-container\">\n\t\t\t\t\t\t\t<div class=\"elementor-button-wrapper\">\n\t\t\t\t\t<a class=\"elementor-button elementor-button-link elementor-size-sm\" href=\"https:\/\/wa.me\/message\/ZIGCECYSXHQTC1\">\n\t\t\t\t\t\t<span class=\"elementor-button-content-wrapper\">\n\t\t\t\t\t\t<span class=\"elementor-button-icon\">\n\t\t\t\t<svg aria-hidden=\"true\" class=\"e-font-icon-svg e-fab-whatsapp\" viewBox=\"0 0 448 512\" xmlns=\"http:\/\/www.w3.org\/2000\/svg\"><path d=\"M380.9 97.1C339 55.1 283.2 32 223.9 32c-122.4 0-222 99.6-222 222 0 39.1 10.2 77.3 29.6 111L0 480l117.7-30.9c32.4 17.7 68.9 27 106.1 27h.1c122.3 0 224.1-99.6 224.1-222 0-59.3-25.2-115-67.1-157zm-157 341.6c-33.2 0-65.7-8.9-94-25.7l-6.7-4-69.8 18.3L72 359.2l-4.4-7c-18.5-29.4-28.2-63.3-28.2-98.2 0-101.7 82.8-184.5 184.6-184.5 49.3 0 95.6 19.2 130.4 54.1 34.8 34.9 56.2 81.2 56.1 130.5 0 101.8-84.9 184.6-186.6 184.6zm101.2-138.2c-5.5-2.8-32.8-16.2-37.9-18-5.1-1.9-8.8-2.8-12.5 2.8-3.7 5.6-14.3 18-17.6 21.8-3.2 3.7-6.5 4.2-12 1.4-32.6-16.3-54-29.1-75.5-66-5.7-9.8 5.7-9.1 16.3-30.3 1.8-3.7.9-6.9-.5-9.7-1.4-2.8-12.5-30.1-17.1-41.2-4.5-10.8-9.1-9.3-12.5-9.5-3.2-.2-6.9-.2-10.6-.2-3.7 0-9.7 1.4-14.8 6.9-5.1 5.6-19.4 19-19.4 46.3 0 27.3 19.9 53.7 22.6 57.4 2.8 3.7 39.1 59.7 94.8 83.8 35.2 15.2 49 16.5 66.6 13.9 10.7-1.6 32.8-13.4 37.4-26.4 4.6-13 4.6-24.1 3.2-26.4-1.3-2.5-5-3.9-10.5-6.6z\"><\/path><\/svg>\t\t\t<\/span>\n\t\t\t\t\t\t\t\t\t<span class=\"elementor-button-text\">              CLICCA QUI  PER ESSERE RICONTATTATO<\/span>\n\t\t\t\t\t<\/span>\n\t\t\t\t\t<\/a>\n\t\t\t\t<\/div>\n\t\t\t\t\t\t<\/div>\n\t\t\t\t<\/div>\n\t\t\t\t<div class=\"elementor-element elementor-element-817477e elementor-widget elementor-widget-heading\" data-id=\"817477e\" data-element_type=\"widget\" data-widget_type=\"heading.default\">\n\t\t\t\t<div class=\"elementor-widget-container\">\n\t\t\t<h2 class=\"elementor-heading-title elementor-size-default\">ACCORDO ASTA FACILE \u00e8 la soluzione che ti far\u00e0 trovare nuova comunicabilit\u00e0 con i debitori .<\/h2>\t\t<\/div>\n\t\t\t\t<\/div>\n\t\t\t\t<\/div>\n\t\t<div class=\"elementor-element elementor-element-47cd7d0 e-con-full e-flex e-con e-child\" data-id=\"47cd7d0\" data-element_type=\"container\">\n\t\t\t\t<div class=\"elementor-element elementor-element-d696373 elementor-widget elementor-widget-image\" data-id=\"d696373\" data-element_type=\"widget\" data-widget_type=\"image.default\">\n\t\t\t\t<div class=\"elementor-widget-container\">\n\t\t\t\t\t\t\t\t\t\t\t\t\t<img fetchpriority=\"high\" decoding=\"async\" width=\"800\" height=\"800\" src=\"https:\/\/accordoastafacile.it\/wp-content\/uploads\/2024\/12\/maxbasmilan_agreement_with_handshake_female_vs_man_profession_e9218cfb-efad-423e-a27c-b43a8b7232bf_1.png\" class=\"attachment-large size-large wp-image-8546\" alt=\"\" srcset=\"https:\/\/accordoastafacile.it\/wp-content\/uploads\/2024\/12\/maxbasmilan_agreement_with_handshake_female_vs_man_profession_e9218cfb-efad-423e-a27c-b43a8b7232bf_1.png 1024w, https:\/\/accordoastafacile.it\/wp-content\/uploads\/2024\/12\/maxbasmilan_agreement_with_handshake_female_vs_man_profession_e9218cfb-efad-423e-a27c-b43a8b7232bf_1-300x300.png 300w, https:\/\/accordoastafacile.it\/wp-content\/uploads\/2024\/12\/maxbasmilan_agreement_with_handshake_female_vs_man_profession_e9218cfb-efad-423e-a27c-b43a8b7232bf_1-150x150.png 150w, https:\/\/accordoastafacile.it\/wp-content\/uploads\/2024\/12\/maxbasmilan_agreement_with_handshake_female_vs_man_profession_e9218cfb-efad-423e-a27c-b43a8b7232bf_1-768x768.png 768w\" sizes=\"(max-width: 800px) 100vw, 800px\" \/>\t\t\t\t\t\t\t\t\t\t\t\t\t<\/div>\n\t\t\t\t<\/div>\n\t\t\t\t<\/div>\n\t\t\t\t\t<\/div>\n\t\t\t\t<\/div>\n\t\t<div class=\"elementor-element elementor-element-5bb60f8 e-con-full e-flex e-con e-parent\" data-id=\"5bb60f8\" data-element_type=\"container\">\n\t\t\t\t<div class=\"elementor-element elementor-element-ac5a35b elementor-widget elementor-widget-text-editor\" data-id=\"ac5a35b\" data-element_type=\"widget\" data-widget_type=\"text-editor.default\">\n\t\t\t\t<div class=\"elementor-widget-container\">\n\t\t\t\t\t\t\t<p style=\"text-align: center;\">Chiamaci per&nbsp; fissare un appuntamento e scoprire i benefici legati alla nostra offerta.<\/p>\n<p style=\"text-align: center;\">Ristabiliremo comunicazione tra te e il debitore per concordare&nbsp; nuove modalit\u00e0 che soddisfano le necessit\u00e0 di entrambi.<\/p>\n<p style=\"text-align: center;\">&nbsp;Contatteremo il&nbsp; debitore per una consulenza personalizzata e ascolteremo le sue esigenze per concordare una ristrutturazione , ri-pianificazione o stralcio del debito e permettere al condominio di rientrare dell&#8217;intero o di gran parte dell&#8217;importo in tempi celeri.<\/p>\t\t\t\t\t\t<\/div>\n\t\t\t\t<\/div>\n\t\t\t\t<div class=\"elementor-element elementor-element-ca26c7a elementor-widget elementor-widget-heading\" data-id=\"ca26c7a\" data-element_type=\"widget\" data-widget_type=\"heading.default\">\n\t\t\t\t<div class=\"elementor-widget-container\">\n\t\t\t<h2 class=\"elementor-heading-title elementor-size-default\"><a href=\"tel:+39%20351%20613%204097\">                                                      \u260e CHIAMA ORA!<\/a><\/h2>\t\t<\/div>\n\t\t\t\t<\/div>\n\t\t\t\t<div class=\"elementor-element elementor-element-a114537 elementor-widget elementor-widget-heading\" data-id=\"a114537\" data-element_type=\"widget\" data-widget_type=\"heading.default\">\n\t\t\t\t<div class=\"elementor-widget-container\">\n\t\t\t<h2 class=\"elementor-heading-title elementor-size-default\">Un consulente a tua disposizione per aiutarti a rientrare dell'intero credito in breve tempo.<\/h2>\t\t<\/div>\n\t\t\t\t<\/div>\n\t\t\t\t<div class=\"elementor-element elementor-element-fc19932 elementor-align-left elementor-mobile-align-left elementor-icon-list--layout-traditional elementor-list-item-link-full_width elementor-widget elementor-widget-icon-list\" data-id=\"fc19932\" data-element_type=\"widget\" data-widget_type=\"icon-list.default\">\n\t\t\t\t<div class=\"elementor-widget-container\">\n\t\t\t\t\t<ul class=\"elementor-icon-list-items\">\n\t\t\t\t\t\t\t<li class=\"elementor-icon-list-item\">\n\t\t\t\t\t\t\t\t\t\t\t<span class=\"elementor-icon-list-icon\">\n\t\t\t\t\t\t\t<svg aria-hidden=\"true\" class=\"e-font-icon-svg e-fas-check\" viewBox=\"0 0 512 512\" xmlns=\"http:\/\/www.w3.org\/2000\/svg\"><path d=\"M173.898 439.404l-166.4-166.4c-9.997-9.997-9.997-26.206 0-36.204l36.203-36.204c9.997-9.998 26.207-9.998 36.204 0L192 312.69 432.095 72.596c9.997-9.997 26.207-9.997 36.204 0l36.203 36.204c9.997 9.997 9.997 26.206 0 36.204l-294.4 294.401c-9.998 9.997-26.207 9.997-36.204-.001z\"><\/path><\/svg>\t\t\t\t\t\t<\/span>\n\t\t\t\t\t\t\t\t\t\t<span class=\"elementor-icon-list-text\">Ci occupiamo del debito in fase embrionale per trovare un accordo soddisfacente per tutti<\/span>\n\t\t\t\t\t\t\t\t\t<\/li>\n\t\t\t\t\t\t\t\t<li class=\"elementor-icon-list-item\">\n\t\t\t\t\t\t\t\t\t\t\t<span class=\"elementor-icon-list-icon\">\n\t\t\t\t\t\t\t<svg aria-hidden=\"true\" class=\"e-font-icon-svg e-fas-times\" viewBox=\"0 0 352 512\" xmlns=\"http:\/\/www.w3.org\/2000\/svg\"><path d=\"M242.72 256l100.07-100.07c12.28-12.28 12.28-32.19 0-44.48l-22.24-22.24c-12.28-12.28-32.19-12.28-44.48 0L176 189.28 75.93 89.21c-12.28-12.28-32.19-12.28-44.48 0L9.21 111.45c-12.28 12.28-12.28 32.19 0 44.48L109.28 256 9.21 356.07c-12.28 12.28-12.28 32.19 0 44.48l22.24 22.24c12.28 12.28 32.2 12.28 44.48 0L176 322.72l100.07 100.07c12.28 12.28 32.2 12.28 44.48 0l22.24-22.24c12.28-12.28 12.28-32.19 0-44.48L242.72 256z\"><\/path><\/svg>\t\t\t\t\t\t<\/span>\n\t\t\t\t\t\t\t\t\t\t<span class=\"elementor-icon-list-text\">Condomini pi\u00f9 leggeri da pagamenti extra evitando azioni legali<\/span>\n\t\t\t\t\t\t\t\t\t<\/li>\n\t\t\t\t\t\t\t\t<li class=\"elementor-icon-list-item\">\n\t\t\t\t\t\t\t\t\t\t\t<span class=\"elementor-icon-list-icon\">\n\t\t\t\t\t\t\t<svg aria-hidden=\"true\" class=\"e-font-icon-svg e-fas-dot-circle\" viewBox=\"0 0 512 512\" xmlns=\"http:\/\/www.w3.org\/2000\/svg\"><path d=\"M256 8C119.033 8 8 119.033 8 256s111.033 248 248 248 248-111.033 248-248S392.967 8 256 8zm80 248c0 44.112-35.888 80-80 80s-80-35.888-80-80 35.888-80 80-80 80 35.888 80 80z\"><\/path><\/svg>\t\t\t\t\t\t<\/span>\n\t\t\t\t\t\t\t\t\t\t<span class=\"elementor-icon-list-text\">Recupero dell'intero o della maggior parte del credito in tempi celeri<\/span>\n\t\t\t\t\t\t\t\t\t<\/li>\n\t\t\t\t\t\t\t\t<li class=\"elementor-icon-list-item\">\n\t\t\t\t\t\t\t\t\t\t\t<span class=\"elementor-icon-list-icon\">\n\t\t\t\t\t\t\t<svg aria-hidden=\"true\" class=\"e-font-icon-svg e-fas-cubes\" viewBox=\"0 0 512 512\" xmlns=\"http:\/\/www.w3.org\/2000\/svg\"><path d=\"M488.6 250.2L392 214V105.5c0-15-9.3-28.4-23.4-33.7l-100-37.5c-8.1-3.1-17.1-3.1-25.3 0l-100 37.5c-14.1 5.3-23.4 18.7-23.4 33.7V214l-96.6 36.2C9.3 255.5 0 268.9 0 283.9V394c0 13.6 7.7 26.1 19.9 32.2l100 50c10.1 5.1 22.1 5.1 32.2 0l103.9-52 103.9 52c10.1 5.1 22.1 5.1 32.2 0l100-50c12.2-6.1 19.9-18.6 19.9-32.2V283.9c0-15-9.3-28.4-23.4-33.7zM358 214.8l-85 31.9v-68.2l85-37v73.3zM154 104.1l102-38.2 102 38.2v.6l-102 41.4-102-41.4v-.6zm84 291.1l-85 42.5v-79.1l85-38.8v75.4zm0-112l-102 41.4-102-41.4v-.6l102-38.2 102 38.2v.6zm240 112l-85 42.5v-79.1l85-38.8v75.4zm0-112l-102 41.4-102-41.4v-.6l102-38.2 102 38.2v.6z\"><\/path><\/svg>\t\t\t\t\t\t<\/span>\n\t\t\t\t\t\t\t\t\t\t<span class=\"elementor-icon-list-text\">Nuovo piano finanziario e ricontrattazione del debito per pagare tutto in unica rata<\/span>\n\t\t\t\t\t\t\t\t\t<\/li>\n\t\t\t\t\t\t\t\t<li class=\"elementor-icon-list-item\">\n\t\t\t\t\t\t\t\t\t\t\t<span class=\"elementor-icon-list-icon\">\n\t\t\t\t\t\t\t<i aria-hidden=\"true\" class=\"flaticon flaticon-office-building\"><\/i>\t\t\t\t\t\t<\/span>\n\t\t\t\t\t\t\t\t\t\t<span class=\"elementor-icon-list-text\">Gestione ottimizzata per azzerare il debito condominiale<\/span>\n\t\t\t\t\t\t\t\t\t<\/li>\n\t\t\t\t\t\t<\/ul>\n\t\t\t\t<\/div>\n\t\t\t\t<\/div>\n\t\t\t\t<div class=\"elementor-element elementor-element-476e242 elementor-invisible elementor-widget elementor-widget-heading\" data-id=\"476e242\" data-element_type=\"widget\" data-settings=\"{&quot;_animation&quot;:&quot;fadeInLeft&quot;}\" data-widget_type=\"heading.default\">\n\t\t\t\t<div class=\"elementor-widget-container\">\n\t\t\t<h2 class=\"elementor-heading-title elementor-size-default\">La soluzione \u00e8 pi\u00f9 vicina di quello che pensi!<\/h2>\t\t<\/div>\n\t\t\t\t<\/div>\n\t\t\t\t<div class=\"elementor-element elementor-element-52df82d elementor-invisible elementor-widget elementor-widget-heading\" data-id=\"52df82d\" data-element_type=\"widget\" data-settings=\"{&quot;_animation&quot;:&quot;fadeIn&quot;,&quot;_animation_delay&quot;:100}\" data-widget_type=\"heading.default\">\n\t\t\t\t<div class=\"elementor-widget-container\">\n\t\t\t<h3 class=\"elementor-heading-title elementor-size-default\">La soluzione \u00e8 parlarne subito con i nostri consulenti del\ndebito!<\/h3>\t\t<\/div>\n\t\t\t\t<\/div>\n\t\t\t\t<\/div>\n\t\t\t\t<\/div>\n\t\t","protected":false},"excerpt":{"rendered":"<p>ACCORDO ASTA FACILE offre consulenza sul debito e si avvale di partner come mediatori del credito, avvocati specializzati in tributaria e diritto immobiliare, fiscalisti , per aiutare le persone che rischiano di perdere il proprio immobile a causa della mancata restituzione del debito. ACCORDI WIN-WIN Quando non si riesce a far fronte ai pagamenti anche [&hellip;]<\/p>\n","protected":false},"author":2,"featured_media":0,"parent":0,"menu_order":0,"comment_status":"closed","ping_status":"closed","template":"elementor_header_footer","meta":{"_monsterinsights_skip_tracking":false,"_monsterinsights_sitenote_active":false,"_monsterinsights_sitenote_note":"","_monsterinsights_sitenote_category":0,"footnotes":""},"class_list":["post-8095","page","type-page","status-publish","hentry"],"aioseo_notices":[],"_links":{"self":[{"href":"https:\/\/accordoastafacile.it\/index.php?rest_route=\/wp\/v2\/pages\/8095","targetHints":{"allow":["GET"]}}],"collection":[{"href":"https:\/\/accordoastafacile.it\/index.php?rest_route=\/wp\/v2\/pages"}],"about":[{"href":"https:\/\/accordoastafacile.it\/index.php?rest_route=\/wp\/v2\/types\/page"}],"author":[{"embeddable":true,"href":"https:\/\/accordoastafacile.it\/index.php?rest_route=\/wp\/v2\/users\/2"}],"replies":[{"embeddable":true,"href":"https:\/\/accordoastafacile.it\/index.php?rest_route=%2Fwp%2Fv2%2Fcomments&post=8095"}],"version-history":[{"count":55,"href":"https:\/\/accordoastafacile.it\/index.php?rest_route=\/wp\/v2\/pages\/8095\/revisions"}],"predecessor-version":[{"id":8678,"href":"https:\/\/accordoastafacile.it\/index.php?rest_route=\/wp\/v2\/pages\/8095\/revisions\/8678"}],"wp:attachment":[{"href":"https:\/\/accordoastafacile.it\/index.php?rest_route=%2Fwp%2Fv2%2Fmedia&parent=8095"}],"curies":[{"name":"wp","href":"https:\/\/api.w.org\/{rel}","templated":true}]}}